{"id":917,"date":"2025-10-04T14:52:30","date_gmt":"2025-10-04T14:52:30","guid":{"rendered":"https:\/\/bloomandflyapp.com\/index.php\/home\/"},"modified":"2025-12-13T12:18:07","modified_gmt":"2025-12-13T12:18:07","slug":"home","status":"publish","type":"page","link":"https:\/\/bloomandflyapp.com\/en\/","title":{"rendered":"Home"},"content":{"rendered":"<div class=\"wp-block-uagb-container uagb-block-80f8b66e alignfull uagb-is-root-container\"><div class=\"uagb-container-inner-blocks-wrap\">\n<div class=\"wp-block-uagb-container uagb-layout-grid uagb-block-11704673\">\n<h1 class=\"wp-block-heading has-text-align-center\"><mark style=\"background-color:rgba(0, 0, 0, 0)\" class=\"has-inline-color has-ast-global-color-3-color\">Feel better day after day<\/mark><\/h1>\n<\/div>\n\n\n\n<div class=\"wp-block-uagb-container uagb-block-20df9f89\">\n<h4 class=\"wp-block-heading has-text-align-center\" style=\"margin-top:0;margin-bottom:0\"><mark style=\"background-color:rgba(0, 0, 0, 0)\" class=\"has-inline-color has-ast-global-color-3-color\">The app that helps you care for your mind, <\/mark><mark style=\"background-color:rgba(0, 0, 0, 0)\" class=\"has-inline-color has-ast-global-color-3-color\">your emotions, and your inner balance<\/mark><\/h4>\n<\/div>\n\n\n\n<div class=\"wp-block-uagb-container uagb-block-6823e011\">\n<div class=\"wp-block-uagb-container uagb-block-a502d5b9\">\n<div class=\"wp-block-uagb-container uagb-block-1b493894\">\n<h3 class=\"wp-block-heading has-text-align-center\"><mark style=\"background-color:rgba(0, 0, 0, 0)\" class=\"has-inline-color has-ast-global-color-3-color\">Join the early access list<\/mark><\/h3>\n\n\n\n<h6 class=\"wp-block-heading has-text-align-center\"><mark style=\"background-color:rgba(0, 0, 0, 0)\" class=\"has-inline-color has-ast-global-color-3-color\">Get notified at launch and receive your exclusive bonus<\/mark><\/h6>\n<\/div>\n\n\n\n<div class=\"wp-block-uagb-container uagb-block-b13aa6ef\">\n<!-- Begin Brevo Form --> <!-- START - We recommend to place the below code in head tag of your website html --> \n<style> #sib-container input:-ms-input-placeholder { text-align: left; font-family: Nunito, sans-serif; color: #c0ccda; } #sib-container input::placeholder { text-align: left; font-family: Nunito, sans-serif; color: #c0ccda; } #sib-container textarea::placeholder { text-align: left; font-family: Nunito, sans-serif; color: #c0ccda; } #sib-container a { text-decoration: underline; color: #2BB2FC; } \/* NVVVVV Conteneur principal transparent + suppression marges *\/ .sib-form { background-color: transparent !important; padding: 0 !important; margin: 0 !important; } \/* Conteneur interne transparent + suppression bordure + padding r\u00e9duit *\/ #sib-container { background-color: transparent !important; border: none !important; padding: -15 !important; } \/* R\u00e9duction de la hauteur globale (Brevo met du padding cach\u00e9) *\/ #sib-form-container { padding: -15px !important; margin: -20px !important; } \/* R\u00e9duire l\u2019espace autour du champ email *\/ #sib-form .sib-input { margin: 0 !important; padding: 0 !important; } \/* Champ email blanc *\/ #sib-container input#EMAIL { background-color: #ffffff !important; border: 1px solid #C0CCD9 !important; border-radius: 10px !important; font-family: 'Nunito', sans-serif !important; \/* bord l\u00e9g\u00e8rement arrondi *\/ } \n#sib-container .form__entry,\n#sib-container .entry__field {\n    border: none !important;\n    background: transparent !important;\n    box-shadow: none !important;\n    padding: 0 !important;\n}\n\/* R\u00e9duire l\u2019espace au-dessus et en dessous du champ *\/ #sib-form .entry_block { margin: 0 !important; padding: 0 !important; } \/* Bouton plus arrondi *\/ \n.sib-form-block__button \n{ font-size: 20px;\n    text-align: center;\n    font-weight: 700;\n    font-family: Nunito, sans-serif;\n    color: #FFFFFF;\n    background-color: #11B0EE !important;\n    background-image: linear-gradient(90deg, #4FBED0 0%, #33388E 100%) !important;\n    padding: 25px 60px;\n    width: 100%;\n    max-width: 520px;\n    border-radius: 40px !important;\n    border-width: 0; } \n\/* Hover \u2013 visible sur desktop *\/\n.sib-form-block__button:hover {\n    background-image: linear-gradient(90deg, #33388E 0%, #4FBED0 100%) !important;\n    cursor: pointer;\n}\n\n@media (max-width: 782px) {\n  #sib-container .sib-form-block__button {\n      font-size: 16px !important;     \/* texte plus petit mais lisible *\/     \npadding: 18px 13px !important;  \/* bouton moins haut *\/\n}\n\/* Couleur du bouton lorsqu'on passe dessus *\/\n.sib-form-block__button:hover {\n    background-image: linear-gradient(90deg, #33388E 0%, #4FBED0 100%) !important;\n    cursor: pointer;\n}\n}\n<\/style> <link rel=\"stylesheet\" href=\"https:\/\/sibforms.com\/forms\/end-form\/build\/sib-styles.css\"> <!-- END - We recommend to place the above code in head tag of your website html --> <!-- START - We recommend to place the below code where you want the form in your website html --> <div class=\"sib-form\" style=\"text-align: center; background-color: #EFF2F7; \"> <div id=\"sib-form-container\" class=\"sib-form-container\"> <div id=\"error-message\" class=\"sib-form-message-panel\" style=\"font-size:16px; text-align:left; font-family:Helvetica, sans-serif; color:#661d1d; background-color:#ffeded; border-radius:3px; border-color:#ff4949;max-width:540px;\"> <div class=\"sib-form-message-panel__text sib-form-message-panel__text--center\"> <svg viewbox=\"0 0 512 512\" class=\"sib-icon sib-notification__icon\"> <path d=\"M256 40c118.621 0 216 96.075 216 216 0 119.291-96.61 216-216 216-119.244 0-216-96.562-216-216 0-119.203 96.602-216 216-216m0-32C119.043 8 8 119.083 8 256c0 136.997 111.043 248 248 248s248-111.003 248-248C504 119.083 392.957 8 256 8zm-11.49 120h22.979c6.823 0 12.274 5.682 11.99 12.5l-7 168c-.268 6.428-5.556 11.5-11.99 11.5h-8.979c-6.433 0-11.722-5.073-11.99-11.5l-7-168c-.283-6.818 5.167-12.5 11.99-12.5zM256 340c-15.464 0-28 12.536-28 28s12.536 28 28 28 28-12.536 28-28-12.536-28-28-28z\" \/> <\/svg> <span class=\"sib-form-message-panel__inner-text\"> We were unable to confirm your subscription <\/span> <\/div> <\/div> <div><\/div> <div id=\"success-message\" class=\"sib-form-message-panel\" style=\"font-size:16px; text-align:left; font-family:Helvetica, sans-serif; color:#085229; background-color:#e7faf0; border-radius:3px; border-color:#13ce66;max-width:540px;\"> <div class=\"sib-form-message-panel__text sib-form-message-panel__text--center\"> <svg viewbox=\"0 0 512 512\" class=\"sib-icon sib-notification__icon\"> <path d=\"M256 8C119.033 8 8 119.033 8 256s111.033 248 248 248 248-111.033 248-248S392.967 8 256 8zm0 464c-118.664 0-216-96.055-216-216 0-118.663 96.055-216 216-216 118.664 0 216 96.055 216 216 0 118.663-96.055 216-216 216zm141.63-274.961L217.15 376.071c-4.705 4.667-12.303 4.637-16.97-.068l-85.878-86.572c-4.667-4.705-4.637-12.303.068-16.97l8.52-8.451c4.705-4.667 12.303-4.637 16.97.068l68.976 69.533 163.441-162.13c4.705-4.667 12.303-4.637 16.97.068l8.451 8.52c4.668 4.705 4.637 12.303-.068 16.97z\" \/> <\/svg> <span class=\"sib-form-message-panel__inner-text\"> You\u2019re now on the waitlist <\/span> <\/div> <\/div> <div><\/div> <div id=\"sib-container\" class=\"sib-container--large sib-container--vertical\" style=\"text-align:center; background-color:rgba(255,255,255,1); max-width:540px; border-width:1px; border-color:#C0CCD9; border-style:solid; direction:ltr\"> <form id=\"sib-form\" method=\"POST\" action=\"https:\/\/ee2247eb.sibforms.com\/serve\/MUIFALclh3tLwK0aEZrEa5hyz-ZUrUdUcKqOIaBDgTN9Bxu77CrSWqFkszCH4KrWSZcSgdS1D1jz-XHREhavJkzuwiUxLzYc9nlo3EmQ8sMfj4Nb8bN_4hjpwcTPSVsEDr8I-y4QvjbcJBg49IPoBVL7ymQuOUFrNUya75LrlbiwNlAi7WdfGLvlws06lhjtd7cCuCblfJA1TgPTJQ==\" data-type=\"subscription\"> <div style=\"padding: 8px 0;\"> <div class=\"sib-input sib-form-block\"> <div class=\"form__entry entry_block\"> <div class=\"form__label-row\"> <div class=\"entry__field\"> <input class=\"input\" type=\"text\" id=\"EMAIL\" name=\"EMAIL\" autocomplete=\"off\" placeholder=\"Enter your email\" data-required=\"true\" required \/> <\/div> <\/div> <label class=\"entry__error entry__error--primary\" style=\"font-size:16px; text-align:left; font-family:Helvetica, sans-serif; color:#661d1d; background-color:#ffeded; border-radius:3px; border-color:#ff4949;\"> <\/label> <\/div> <\/div> <\/div> <div style=\"padding: 8px 0;\"> <div class=\"sib-form-block\" style=\"text-align: center\"> \n<style>\n\/* R\u00e9duire la hauteur des panneaux d\u2019erreur et de succ\u00e8s *\/\n.sib-form-message-panel {\n    padding: 6px 10px !important;   \/* int\u00e9rieur du bloc *\/\n    margin: 8px auto 4px !important; \/* espace autour du bloc *\/\n}\n\n\/* \u00c9vite que le texte ajoute du padding suppl\u00e9mentaire *\/\n.sib-form-message-panel__text {\n    padding: 0 !important;\n    margin: 0 !important;\n}\n<\/style>\n<button class=\"sib-form-block__button sib-form-block__button-with-loader\" style=\"font-size:20px;    text-align:center;    font-weight:700;    font-family:Nunito, sans-serif;    color:#FFFFFF;    \/* TAILLE desktop par d\u00e9faut *\/    padding:25px 60px;    width:100%;    max-width:520px;    border-radius:40px !important; border-radius:3px; border-width:0px;\" form=\"sib-form\" type=\"submit\"> <svg class=\"icon clickable__icon progress-indicator__icon sib-hide-loader-icon\" viewbox=\"0 0 512 512\" style=\"\"> \n<path d=\"M460.116 373.846l-20.823-12.022c-5.541-3.199-7.54-10.159-4.663-15.874 30.137-59.886 28.343-131.652-5.386-189.946-33.641-58.394-94.896-95.833-161.827-99.676C261.028 55.961 256 50.751 256 44.352V20.309c0-6.904 5.808-12.337 12.703-11.982 83.556 4.306 160.163 50.864 202.11 123.677 42.063 72.696 44.079 162.316 6.031 236.832-3.14 6.148-10.75 8.461-16.728 5.01z\" \/> \n<\/svg> \nSIGN UP FOR THE LAUNCH <\/button> <\/div> <\/div> \n<input type=\"text\" name=\"email_address_check\" value=\"\" class=\"input--hidden\"> \n<input type=\"hidden\" name=\"SITE_LANGUAGE\" value=\"fr\"> <input type=\"hidden\" name=\"locale\" value=\"fr\"> <\/form> <\/div> <\/div> <\/div> \n<!-- END - We recommend to place the above code where you want the form in your website html --> <!-- START - We recommend to place the below code in footer or bottom of your website html --> \n<script> \nwindow.REQUIRED_CODE_ERROR_MESSAGE = 'Veuillez choisir un code pays'; window.LOCALE = 'fr'; \nwindow.EMAIL_INVALID_MESSAGE = window.SMS_INVALID_MESSAGE = \"Les informations que vous avez fournies ne sont pas valides. Veuillez v\u00e9rifier le format du champ et r\u00e9essayer.\"; \nwindow.REQUIRED_ERROR_MESSAGE = \"Vous devez renseigner ce champ. \";\n window.GENERIC_INVALID_MESSAGE = \"Les informations que vous avez fournies ne sont pas valides. Veuillez v\u00e9rifier le format du champ et r\u00e9essayer.\"; \n window.translation = { common: { selectedList: '{quantity} liste s\u00e9lectionn\u00e9e', selectedLists: '{quantity} listes s\u00e9lectionn\u00e9es', selectedOption: '{quantity} s\u00e9lectionn\u00e9', selectedOptions: '{quantity} s\u00e9lectionn\u00e9s', } }; var AUTOHIDE = Boolean(0); <\/script> \n<script defer src=\"https:\/\/sibforms.com\/forms\/end-form\/build\/main.js\"><\/script> \n<!-- END - We recommend to place the above code in footer or bottom of your website html --> <!-- End Brevo Form -->\n<\/div>\n<\/div>\n<\/div>\n<\/div><\/div>\n\n\n\n<div class=\"wp-block-uagb-container uagb-block-4d4d48d6 alignfull uagb-is-root-container\"><div class=\"uagb-container-inner-blocks-wrap\">\n<h2 class=\"wp-block-heading has-text-align-center\"><mark style=\"background-color:rgba(0, 0, 0, 0)\" class=\"has-inline-color has-ast-global-color-3-color\">Take flight toward your inner well-being<\/mark><\/h2>\n\n\n\n<div class=\"wp-block-uagb-container uagb-block-8dd14d9a alignfull uagb-is-root-container\"><div class=\"uagb-container-inner-blocks-wrap\">\n<h4 class=\"wp-block-heading has-text-align-center\">A space designed to help you reconnect with yourself and feel better<\/h4>\n<\/div><\/div>\n\n\n\n<div class=\"wp-block-uagb-container uagb-block-d1f0a731 alignfull uagb-is-root-container\"><div class=\"uagb-container-inner-blocks-wrap\">\n<div class=\"wp-block-uagb-container uagb-block-d4a5aa86\">\n<div class=\"wp-block-uagb-container uagb-block-58e8b619 alignfull uagb-is-root-container\"><div class=\"uagb-container-inner-blocks-wrap\">\n<div class=\"wp-block-uagb-image uagb-block-6218aceb wp-block-uagb-image--layout-default wp-block-uagb-image--effect-static wp-block-uagb-image--align-none\"><figure class=\"wp-block-uagb-image__figure\"><img decoding=\"async\" srcset=\"https:\/\/bloomandflyapp.com\/wp-content\/uploads\/2025\/12\/bloom-and-fly-reduire-stress-1024x796.jpg ,https:\/\/bloomandflyapp.com\/wp-content\/uploads\/2025\/12\/bloom-and-fly-reduire-stress.jpg 780w, https:\/\/bloomandflyapp.com\/wp-content\/uploads\/2025\/12\/bloom-and-fly-reduire-stress.jpg 360w\" sizes=\"auto, (max-width: 480px) 150px\" src=\"https:\/\/bloomandflyapp.com\/wp-content\/uploads\/2025\/12\/bloom-and-fly-reduire-stress-1024x796.jpg\" alt=\"Bloom-and-fly-reduire-stress\" class=\"uag-image-3326\" width=\"1024\" height=\"400\" title=\"Bloom-and-fly-reduire-stress\" loading=\"lazy\" role=\"img\"\/><\/figure><\/div>\n<\/div><\/div>\n\n\n\n<div class=\"wp-block-uagb-container uagb-block-9b4f3e71 alignfull uagb-is-root-container\"><div class=\"uagb-container-inner-blocks-wrap\">\n<h3 class=\"wp-block-heading has-text-align-center\"><mark style=\"background-color:rgba(0, 0, 0, 0)\" class=\"has-inline-color has-ast-global-color-3-color\">Reduce your stress<\/mark><\/h3>\n\n\n\n<p class=\"has-text-align-center\">Return to calm in just a few minutes and welcome serenity<\/p>\n<\/div><\/div>\n<\/div>\n\n\n\n<div class=\"wp-block-uagb-container uagb-block-af151e07\">\n<div class=\"wp-block-uagb-container uagb-block-4aa649ea alignfull uagb-is-root-container\"><div class=\"uagb-container-inner-blocks-wrap\">\n<div class=\"wp-block-uagb-image uagb-block-93855b49 wp-block-uagb-image--layout-default wp-block-uagb-image--effect-static wp-block-uagb-image--align-none\"><figure class=\"wp-block-uagb-image__figure\"><img decoding=\"async\" srcset=\"https:\/\/bloomandflyapp.com\/wp-content\/uploads\/2025\/12\/bloom-and-fly-grandir-1024x796.jpg ,https:\/\/bloomandflyapp.com\/wp-content\/uploads\/2025\/12\/bloom-and-fly-grandir.jpg 780w, https:\/\/bloomandflyapp.com\/wp-content\/uploads\/2025\/12\/bloom-and-fly-grandir.jpg 360w\" sizes=\"auto, (max-width: 480px) 150px\" src=\"https:\/\/bloomandflyapp.com\/wp-content\/uploads\/2025\/12\/bloom-and-fly-grandir-1024x796.jpg\" alt=\"Bloom-and-fly-grandir\" class=\"uag-image-3331\" width=\"1024\" height=\"400\" title=\"Bloom-and-fly-grandir\" loading=\"lazy\" role=\"img\"\/><\/figure><\/div>\n<\/div><\/div>\n\n\n\n<div class=\"wp-block-uagb-container uagb-block-27555d9f alignfull uagb-is-root-container\"><div class=\"uagb-container-inner-blocks-wrap\">\n<h3 class=\"wp-block-heading has-text-align-center\"><strong><strong>Grow your confidence<\/strong>\u200b<\/strong><\/h3>\n\n\n\n<p class=\"has-text-align-center\">Cultivate your positivity and move forward each day with greater confidence<\/p>\n<\/div><\/div>\n<\/div>\n\n\n\n<div class=\"wp-block-uagb-container uagb-block-00baeabd\">\n<div class=\"wp-block-uagb-container uagb-block-1fd12250 alignfull uagb-is-root-container\"><div class=\"uagb-container-inner-blocks-wrap\">\n<div class=\"wp-block-uagb-image aligncenter uagb-block-679577d0 wp-block-uagb-image--layout-default wp-block-uagb-image--effect-static wp-block-uagb-image--align-center\"><figure class=\"wp-block-uagb-image__figure\"><img decoding=\"async\" srcset=\"https:\/\/bloomandflyapp.com\/wp-content\/uploads\/2025\/12\/bloom-and-fly-clarte-1024x796.jpg ,https:\/\/bloomandflyapp.com\/wp-content\/uploads\/2025\/12\/bloom-and-fly-clarte.jpg 780w, https:\/\/bloomandflyapp.com\/wp-content\/uploads\/2025\/12\/bloom-and-fly-clarte.jpg 360w\" sizes=\"auto, (max-width: 480px) 150px\" src=\"https:\/\/bloomandflyapp.com\/wp-content\/uploads\/2025\/12\/bloom-and-fly-clarte-1024x796.jpg\" alt=\"Bloom-and-fly-clarte\" class=\"uag-image-3328\" width=\"1024\" height=\"400\" title=\"Bloom-and-fly-clarte\" loading=\"lazy\" role=\"img\"\/><\/figure><\/div>\n<\/div><\/div>\n\n\n\n<div class=\"wp-block-uagb-container uagb-block-3ad21ce0 alignfull uagb-is-root-container\"><div class=\"uagb-container-inner-blocks-wrap\">\n<h3 class=\"wp-block-heading has-text-align-center\">Gain clarity<\/h3>\n\n\n\n<p class=\"has-text-align-center\">Come back to yourself and regain more steady energy and balance<\/p>\n<\/div><\/div>\n<\/div>\n<\/div><\/div>\n\n\n\n<div class=\"wp-block-uagb-container uagb-block-e07a2262 alignfull uagb-is-root-container\"><div class=\"uagb-container-inner-blocks-wrap\">\n<div style=\"text-align: center; width: 100%;\">\n    <span class='maxbutton-1-container mb-container'><a class=\"maxbutton-1 maxbutton maxbutton-explorer-les-pratiques\" href=\"https:\/\/bloomandflyapp.com\/en\/discover-bloom-and-fly\/\"><span class='mb-text'>Explore practices in detail<\/span><\/a><\/span>\n<\/div>\n<\/div><\/div>\n<\/div><\/div>","protected":false},"excerpt":{"rendered":"<p>Sens-toi mieux jour apr\u00e8s jour L\u2019application qui t\u2019aide \u00e0 prendre soin de ton esprit, de tes \u00e9motions et de ton \u00e9quilibre Inscris-toi en avant-premi\u00e8re Sois inform\u00e9(e) d\u00e8s le lancement et re\u00e7ois ton avantage exclusif Nous n&#039;avons pas pu confirmer votre inscription. Votre inscription est confirm\u00e9e. M&#039;INSCRIRE POUR LE LANCEMENT Prends ton envol vers ton bien-\u00eatre [&hellip;]<\/p>","protected":false},"author":1,"featured_media":0,"parent":0,"menu_order":0,"comment_status":"closed","ping_status":"closed","template":"","meta":{"_uag_custom_page_level_css":"","site-sidebar-layout":"no-sidebar","site-content-layout":"plain-container","ast-site-content-layout":"full-width-container","site-content-style":"default","site-sidebar-style":"unboxed","ast-global-header-display":"","ast-banner-title-visibility":"","ast-main-header-display":"","ast-hfb-above-header-display":"","ast-hfb-below-header-display":"","ast-hfb-mobile-header-display":"","site-post-title":"disabled","ast-breadcrumbs-content":"","ast-featured-img":"","footer-sml-layout":"","ast-disable-related-posts":"","theme-transparent-header-meta":"enabled","adv-header-id-meta":"","stick-header-meta":"","header-above-stick-meta":"","header-main-stick-meta":"","header-below-stick-meta":"","astra-migrate-meta-layouts":"set","ast-page-background-enabled":"default","ast-page-background-meta":{"desktop":{"background-color":"","background-image":"","background-repeat":"repeat","background-position":"center center","background-size":"auto","background-attachment":"scroll","background-type":"","background-media":"","overlay-type":"","overlay-color":"","overlay-opacity":"","overlay-gradient":""},"tablet":{"background-color":"","background-image":"","background-repeat":"repeat","background-position":"center center","background-size":"auto","background-attachment":"scroll","background-type":"","background-media":"","overlay-type":"","overlay-color":"","overlay-opacity":"","overlay-gradient":""},"mobile":{"background-color":"","background-image":"","background-repeat":"repeat","background-position":"center center","background-size":"auto","background-attachment":"scroll","background-type":"","background-media":"","overlay-type":"","overlay-color":"","overlay-opacity":"","overlay-gradient":""}},"ast-content-background-meta":{"desktop":{"background-color":"var(--ast-global-color-5)","background-image":"","background-repeat":"repeat","background-position":"center center","background-size":"auto","background-attachment":"scroll","background-type":"","background-media":"","overlay-type":"","overlay-color":"","overlay-opacity":"","overlay-gradient":""},"tablet":{"background-color":"var(--ast-global-color-5)","background-image":"","background-repeat":"repeat","background-position":"center center","background-size":"auto","background-attachment":"scroll","background-type":"","background-media":"","overlay-type":"","overlay-color":"","overlay-opacity":"","overlay-gradient":""},"mobile":{"background-color":"var(--ast-global-color-5)","background-image":"","background-repeat":"repeat","background-position":"center center","background-size":"auto","background-attachment":"scroll","background-type":"","background-media":"","overlay-type":"","overlay-color":"","overlay-opacity":"","overlay-gradient":""}},"footnotes":""},"class_list":["post-917","page","type-page","status-publish","hentry"],"uagb_featured_image_src":{"full":false,"thumbnail":false,"medium":false,"medium_large":false,"large":false,"1536x1536":false,"2048x2048":false,"trp-custom-language-flag":false},"uagb_author_info":{"display_name":"admin8534","author_link":"https:\/\/bloomandflyapp.com\/en\/author\/admin8534\/"},"uagb_comment_info":0,"uagb_excerpt":"Sens-toi mieux jour apr\u00e8s jour L\u2019application qui t\u2019aide \u00e0 prendre soin de ton esprit, de tes \u00e9motions et de ton \u00e9quilibre Inscris-toi en avant-premi\u00e8re Sois inform\u00e9(e) d\u00e8s le lancement et re\u00e7ois ton avantage exclusif Nous n&#039;avons pas pu confirmer votre inscription. Votre inscription est confirm\u00e9e. M&#039;INSCRIRE POUR LE LANCEMENT Prends ton envol vers ton bien-\u00eatre&hellip;","_links":{"self":[{"href":"https:\/\/bloomandflyapp.com\/en\/wp-json\/wp\/v2\/pages\/917","targetHints":{"allow":["GET"]}}],"collection":[{"href":"https:\/\/bloomandflyapp.com\/en\/wp-json\/wp\/v2\/pages"}],"about":[{"href":"https:\/\/bloomandflyapp.com\/en\/wp-json\/wp\/v2\/types\/page"}],"author":[{"embeddable":true,"href":"https:\/\/bloomandflyapp.com\/en\/wp-json\/wp\/v2\/users\/1"}],"replies":[{"embeddable":true,"href":"https:\/\/bloomandflyapp.com\/en\/wp-json\/wp\/v2\/comments?post=917"}],"version-history":[{"count":572,"href":"https:\/\/bloomandflyapp.com\/en\/wp-json\/wp\/v2\/pages\/917\/revisions"}],"predecessor-version":[{"id":3375,"href":"https:\/\/bloomandflyapp.com\/en\/wp-json\/wp\/v2\/pages\/917\/revisions\/3375"}],"wp:attachment":[{"href":"https:\/\/bloomandflyapp.com\/en\/wp-json\/wp\/v2\/media?parent=917"}],"curies":[{"name":"wp","href":"https:\/\/api.w.org\/{rel}","templated":true}]}}