{"id":915,"date":"2025-10-04T14:52:30","date_gmt":"2025-10-04T14:52:30","guid":{"rendered":"https:\/\/bloomandflyapp.com\/index.php\/services\/"},"modified":"2025-12-12T21:22:05","modified_gmt":"2025-12-12T21:22:05","slug":"discover-bloom-and-fly","status":"publish","type":"page","link":"https:\/\/bloomandflyapp.com\/en\/discover-bloom-and-fly\/","title":{"rendered":"D\u00e9couvrir l&rsquo;application"},"content":{"rendered":"<div class=\"wp-block-uagb-container uagb-block-25efe059 alignfull uagb-is-root-container\"><div class=\"uagb-container-inner-blocks-wrap\">\n<h1 class=\"wp-block-heading has-text-align-center\"><mark style=\"background-color:rgba(0, 0, 0, 0)\" class=\"has-inline-color has-ast-global-color-3-color\">Discover \u00dfloom &amp; Fly<\/mark><\/h1>\n<\/div><\/div>\n\n\n\n<div class=\"wp-block-uagb-container uagb-block-4a87feac alignfull uagb-is-root-container\"><div class=\"uagb-container-inner-blocks-wrap\">\n<div class=\"wp-block-uagb-container uagb-block-0b0bd307\">\n<p class=\"has-text-align-center bf-intro\">Bloom &amp; Fly invites you to breathe, slow down, and reconnect with yourself.<br>Through simple, guided practices, the app supports you in cultivating deeper well-being, day after day.<\/p>\n<\/div>\n<\/div><\/div>\n\n\n\n<div class=\"wp-block-uagb-container uagb-block-ad2c29a1 alignfull uagb-is-root-container\"><div class=\"uagb-container-inner-blocks-wrap\">\n<div class=\"wp-block-uagb-container uagb-block-49a771ec alignfull uagb-is-root-container\"><div class=\"uagb-container-inner-blocks-wrap\">\n<h2 class=\"wp-block-heading\">The practices at the heart of Bloom &amp; Fly<\/h2>\n\n\n\n<p><mark style=\"background-color:rgba(0, 0, 0, 0)\" class=\"has-inline-color has-ast-global-color-3-color\">Bloom &amp; Fly brings together complementary practices, each playing its own role in your well-being.<br>Discover how these approaches work and complement one another to support you in your daily life.<\/mark><\/p>\n\n\n\n<div class=\"wp-block-uagb-container uagb-block-46ec9d71 alignfull uagb-is-root-container\"><div class=\"uagb-container-inner-blocks-wrap\">\n<div class=\"wp-block-columns is-layout-flex wp-container-core-columns-is-layout-f0342b05 wp-block-columns-is-layout-flex\" style=\"margin-top:0;margin-bottom:0\">\n<div class=\"wp-block-column is-layout-flow wp-block-column-is-layout-flow\" style=\"flex-basis:70%\">\n<div class=\"wp-block-uagb-container uagb-block-433e18ae\">\n<h3 class=\"wp-block-heading\">Breathing practices<\/h3>\n\n\n\n<p class=\"paragraph-compact\">Breathing exercises help you calm your mind, reduce stress, restore your inner balance, and support better sleep. <br>In Bloom &amp; Fly, you can follow guided breathing exercises or create your own by choosing your rhythm, duration, and the soundscape that helps you relax. <br>Each practice is accompanied by clear explanations and visual animations.<\/p>\n<\/div>\n<\/div>\n\n\n\n<div class=\"wp-block-column is-vertically-aligned-center is-layout-flow wp-block-column-is-layout-flow\" style=\"flex-basis:30%\">\n<div class=\"wp-block-uagb-container uagb-block-7d57f325 alignfull uagb-is-root-container\"><div class=\"uagb-container-inner-blocks-wrap\">\n<div class=\"wp-block-uagb-image aligncenter uagb-block-a384e420 wp-block-uagb-image--layout-default wp-block-uagb-image--effect-static wp-block-uagb-image--align-center colibri-bf\"><figure class=\"wp-block-uagb-image__figure\"><img decoding=\"async\" srcset=\"https:\/\/bloomandflyapp.com\/wp-content\/uploads\/2025\/11\/bloom_and_fly_mascotte-respiration_2-923x1024.png ,https:\/\/bloomandflyapp.com\/wp-content\/uploads\/2025\/11\/bloom_and_fly_mascotte-respiration_2.png 780w, https:\/\/bloomandflyapp.com\/wp-content\/uploads\/2025\/11\/bloom_and_fly_mascotte-respiration_2.png 360w\" sizes=\"auto, (max-width: 480px) 150px\" src=\"https:\/\/bloomandflyapp.com\/wp-content\/uploads\/2025\/11\/bloom_and_fly_mascotte-respiration_2-923x1024.png\" alt=\"mascotte respiration\" class=\"uag-image-1956\" width=\"193\" height=\"252\" title=\"mascotte respiration\" loading=\"lazy\" role=\"img\"\/><\/figure><\/div>\n<\/div><\/div>\n<\/div>\n<\/div>\n<\/div><\/div>\n<\/div><\/div>\n\n\n\n<div class=\"wp-block-uagb-container uagb-block-62b20b73 alignfull uagb-is-root-container\"><div class=\"uagb-container-inner-blocks-wrap\">\n<div class=\"wp-block-uagb-container uagb-block-a659ca9c alignfull uagb-is-root-container\"><div class=\"uagb-container-inner-blocks-wrap\">\n<div class=\"wp-block-columns is-layout-flex wp-container-core-columns-is-layout-28f84493 wp-block-columns-is-layout-flex\">\n<div class=\"wp-block-column is-vertically-aligned-center is-layout-flow wp-block-column-is-layout-flow\" style=\"flex-basis:30%\">\n<div class=\"wp-block-uagb-container uagb-block-09cb1a5c\">\n<div class=\"wp-block-uagb-image aligncenter uagb-block-508912c7 wp-block-uagb-image--layout-default wp-block-uagb-image--effect-static wp-block-uagb-image--align-center alignleft\"><figure class=\"wp-block-uagb-image__figure\"><img decoding=\"async\" srcset=\"https:\/\/bloomandflyapp.com\/wp-content\/uploads\/2025\/11\/bloom_and_fly_mascotte-mantra-300x257.png ,https:\/\/bloomandflyapp.com\/wp-content\/uploads\/2025\/11\/bloom_and_fly_mascotte-mantra.png 780w, https:\/\/bloomandflyapp.com\/wp-content\/uploads\/2025\/11\/bloom_and_fly_mascotte-mantra.png 360w\" sizes=\"auto, (max-width: 480px) 150px\" src=\"https:\/\/bloomandflyapp.com\/wp-content\/uploads\/2025\/11\/bloom_and_fly_mascotte-mantra-300x257.png\" alt=\"mascotte mantra\" class=\"uag-image-2169\" width=\"300\" height=\"257\" title=\"mascotte mantra\" loading=\"lazy\" role=\"img\"\/><\/figure><\/div>\n<\/div>\n<\/div>\n\n\n\n<div class=\"wp-block-column is-vertically-aligned-center is-layout-flow wp-block-column-is-layout-flow\" style=\"flex-basis:70%\">\n<div class=\"wp-block-uagb-container uagb-block-36001d58 alignfull uagb-is-root-container\"><div class=\"uagb-container-inner-blocks-wrap\">\n<h3 class=\"wp-block-heading\">Mantras &amp; positive affirmations<\/h3>\n\n\n\n<p class=\"paragraph-compact\">Words have the power to soothe, comfort, and transform your state of mind. When repeated regularly, they help strengthen confidence, lighten the mental load, and cultivate a more stable, positive energy in everyday life. <br>In Bloom &amp; Fly, mantras are organized by needs or associated with chakras, so they can support you according to how you\u2019re feeling in the moment. You can also create your own mantras to express what you need most.<\/p>\n<\/div><\/div>\n<\/div>\n<\/div>\n<\/div><\/div>\n<\/div><\/div>\n\n\n\n<div class=\"wp-block-uagb-container uagb-block-05ee7ed7 alignfull uagb-is-root-container\"><div class=\"uagb-container-inner-blocks-wrap\">\n<div class=\"wp-block-uagb-container uagb-block-6258dfe7 alignfull uagb-is-root-container\"><div class=\"uagb-container-inner-blocks-wrap\">\n<div class=\"wp-block-columns is-layout-flex wp-container-core-columns-is-layout-28f84493 wp-block-columns-is-layout-flex\">\n<div class=\"wp-block-column is-layout-flow wp-block-column-is-layout-flow\" style=\"flex-basis:70%\">\n<div class=\"wp-block-uagb-container uagb-block-2db6ef38\">\n<h3 class=\"wp-block-heading\">Mudras<\/h3>\n\n\n\n<p class=\"paragraph-compact\">Mudras are hand gestures that invite calm, presence, and balance. Practiced mindfully, they help release tension, soothe the mind, and bring you back to center. <br>In Bloom &amp; Fly, each mudra is presented with a clear explanation, an illustration, its main benefits, and its connection to the chakras, to guide you step by step.<\/p>\n<\/div>\n<\/div>\n\n\n\n<div class=\"wp-block-column is-vertically-aligned-center is-layout-flow wp-block-column-is-layout-flow\" style=\"flex-basis:30%\">\n<div class=\"wp-block-uagb-container uagb-block-b8440606 alignfull uagb-is-root-container\"><div class=\"uagb-container-inner-blocks-wrap\">\n<div class=\"wp-block-uagb-image aligncenter uagb-block-7bb072bd wp-block-uagb-image--layout-default wp-block-uagb-image--effect-static wp-block-uagb-image--align-center colibri-bf\"><figure class=\"wp-block-uagb-image__figure\"><img decoding=\"async\" srcset=\"https:\/\/bloomandflyapp.com\/wp-content\/uploads\/2025\/11\/bloom_and_fly_mascotte-mudra-686x1024.png ,https:\/\/bloomandflyapp.com\/wp-content\/uploads\/2025\/11\/bloom_and_fly_mascotte-mudra.png 780w, https:\/\/bloomandflyapp.com\/wp-content\/uploads\/2025\/11\/bloom_and_fly_mascotte-mudra.png 360w\" sizes=\"auto, (max-width: 480px) 150px\" src=\"https:\/\/bloomandflyapp.com\/wp-content\/uploads\/2025\/11\/bloom_and_fly_mascotte-mudra-686x1024.png\" alt=\"mascotte mudra\" class=\"uag-image-1954\" width=\"137\" height=\"683\" title=\"mascotte mudra\" loading=\"lazy\" role=\"img\"\/><\/figure><\/div>\n<\/div><\/div>\n<\/div>\n<\/div>\n<\/div><\/div>\n<\/div><\/div>\n\n\n\n<div class=\"wp-block-uagb-container uagb-block-419925cb alignfull uagb-is-root-container\"><div class=\"uagb-container-inner-blocks-wrap\">\n<div class=\"wp-block-uagb-container uagb-block-62f45383 alignfull uagb-is-root-container\"><div class=\"uagb-container-inner-blocks-wrap\">\n<div class=\"wp-block-columns is-layout-flex wp-container-core-columns-is-layout-28f84493 wp-block-columns-is-layout-flex\">\n<div class=\"wp-block-column is-vertically-aligned-center is-layout-flow wp-block-column-is-layout-flow\" style=\"flex-basis:30%\">\n<div class=\"wp-block-uagb-container uagb-block-d218ddcf\">\n<div class=\"wp-block-uagb-image aligncenter uagb-block-724036ef wp-block-uagb-image--layout-default wp-block-uagb-image--effect-static wp-block-uagb-image--align-center alignleft\"><figure class=\"wp-block-uagb-image__figure\"><img decoding=\"async\" srcset=\"https:\/\/bloomandflyapp.com\/wp-content\/uploads\/2025\/11\/bloom_and_fly_lotus-chakras-300x296.png ,https:\/\/bloomandflyapp.com\/wp-content\/uploads\/2025\/11\/bloom_and_fly_lotus-chakras.png 780w, https:\/\/bloomandflyapp.com\/wp-content\/uploads\/2025\/11\/bloom_and_fly_lotus-chakras.png 360w\" sizes=\"auto, (max-width: 480px) 150px\" src=\"https:\/\/bloomandflyapp.com\/wp-content\/uploads\/2025\/11\/bloom_and_fly_lotus-chakras-300x296.png\" alt=\"lotus chakras\" class=\"uag-image-1959\" width=\"240\" height=\"296\" title=\"lotus chakras\" loading=\"lazy\" role=\"img\"\/><\/figure><\/div>\n<\/div>\n<\/div>\n\n\n\n<div class=\"wp-block-column is-vertically-aligned-center is-layout-flow wp-block-column-is-layout-flow\" style=\"flex-basis:70%\">\n<div class=\"wp-block-uagb-container uagb-block-14e22f93 alignfull uagb-is-root-container\"><div class=\"uagb-container-inner-blocks-wrap\">\n<h3 class=\"wp-block-heading\">Chakras<\/h3>\n\n\n\n<p class=\"paragraph-compact\">Chakras represent the flow of energy within the body and influence our emotions, balance, and vitality. By exploring the seven chakras, you will discover their functions, colors, and the signs of balance or imbalance. <br>You will learn how to harmonize each energy center through the mudras, mantras, and associated practices.<\/p>\n<\/div><\/div>\n<\/div>\n<\/div>\n<\/div><\/div>\n<\/div><\/div>\n\n\n\n<div class=\"wp-block-uagb-container uagb-block-2d29c88b alignfull uagb-is-root-container\"><div class=\"uagb-container-inner-blocks-wrap\">\n<div class=\"wp-block-uagb-container uagb-block-a02c3e46 alignfull uagb-is-root-container\"><div class=\"uagb-container-inner-blocks-wrap\">\n<div class=\"wp-block-columns is-layout-flex wp-container-core-columns-is-layout-28f84493 wp-block-columns-is-layout-flex\">\n<div class=\"wp-block-column is-layout-flow wp-block-column-is-layout-flow\" style=\"flex-basis:70%\">\n<div class=\"wp-block-uagb-container uagb-block-019ce1e5\">\n<h3 class=\"wp-block-heading\">Sounds &amp; Ambiences<\/h3>\n\n\n\n<p class=\"paragraph-compact\">Listen to sounds and ambiences designed to support your moments of well-being. <br>Let the music soften your mind, envelop you during a practice, or calm you throughout your day, helping you recenter, fall asleep more peacefully, or create a bubble of quiet wherever you are.<\/p>\n<\/div>\n<\/div>\n\n\n\n<div class=\"wp-block-column is-vertically-aligned-center is-layout-flow wp-block-column-is-layout-flow\" style=\"flex-basis:30%\">\n<div class=\"wp-block-uagb-container uagb-block-f8a8bdda alignfull uagb-is-root-container\"><div class=\"uagb-container-inner-blocks-wrap\">\n<div class=\"wp-block-uagb-image aligncenter uagb-block-56a204ca wp-block-uagb-image--layout-default wp-block-uagb-image--effect-static wp-block-uagb-image--align-center colibri-bf\"><figure class=\"wp-block-uagb-image__figure\"><img decoding=\"async\" srcset=\"https:\/\/bloomandflyapp.com\/wp-content\/uploads\/2025\/11\/bloom_and_fly_mascotte-musique-252x300.png ,https:\/\/bloomandflyapp.com\/wp-content\/uploads\/2025\/11\/bloom_and_fly_mascotte-musique.png 780w, https:\/\/bloomandflyapp.com\/wp-content\/uploads\/2025\/11\/bloom_and_fly_mascotte-musique.png 360w\" sizes=\"auto, (max-width: 480px) 150px\" src=\"https:\/\/bloomandflyapp.com\/wp-content\/uploads\/2025\/11\/bloom_and_fly_mascotte-musique-252x300.png\" alt=\"mascotte musique\" class=\"uag-image-1955\" width=\"225\" height=\"300\" title=\"mascotte musique\" loading=\"lazy\" role=\"img\"\/><\/figure><\/div>\n<\/div><\/div>\n<\/div>\n<\/div>\n<\/div><\/div>\n<\/div><\/div>\n<\/div><\/div>\n\n\n\n<div class=\"wp-block-uagb-container uagb-block-wvrmt4fl alignfull uagb-is-root-container\"><div class=\"uagb-container-inner-blocks-wrap\">\n<div class=\"wp-block-uagb-container uagb-block-e7920413 alignfull uagb-is-root-container\"><div class=\"uagb-container-inner-blocks-wrap\">\n<h2 class=\"wp-block-heading\"><mark style=\"background-color:rgba(0, 0, 0, 0)\" class=\"has-inline-color has-ast-global-color-2-color\">Guided Experiences<\/mark><\/h2>\n\n\n\n<p><mark style=\"background-color:rgba(0, 0, 0, 0)\" class=\"has-inline-color has-ast-global-color-3-color\">Discover guided experiences created from Bloom &amp; Fly\u2019s well-being practices.<br>Chaque programme explore une th\u00e9matique de bien-\u00eatre \u2014 comme apaiser le stress, mieux dormir, retrouver ton \u00e9nergie ou renforcer la confiance. Ils t\u2019accompagnent pour retrouver \u00e9quilibre et s\u00e9r\u00e9nit\u00e9 au quotidien.<\/mark><\/p>\n\n\n\n<div class=\"wp-block-uagb-container uagb-block-4e1e6a0d alignfull uagb-is-root-container\"><div class=\"uagb-container-inner-blocks-wrap\">\n<div class=\"wp-block-uagb-container uagb-block-0be2c011 alignfull uagb-is-root-container\"><div class=\"uagb-container-inner-blocks-wrap\">\n<div class=\"wp-block-columns is-layout-flex wp-container-core-columns-is-layout-28f84493 wp-block-columns-is-layout-flex\">\n<div class=\"wp-block-column is-layout-flow wp-block-column-is-layout-flow\" style=\"flex-basis:70%\">\n<div class=\"wp-block-uagb-container uagb-block-f6f0bd03\">\n<h3 class=\"wp-block-heading\">Express Rituals<\/h3>\n\n\n\n<p class=\"paragraph-compact\">Give yourself a moment of calm with guided practices under 5 minutes, designed to ease an emotion or gently help you regain your balance.<br>Perfect for taking a pause, releasing pressure, or bringing serenity back into your day.<\/p>\n<\/div>\n<\/div>\n\n\n\n<div class=\"wp-block-column is-vertically-aligned-center is-layout-flow wp-block-column-is-layout-flow\" style=\"flex-basis:30%\">\n<div class=\"wp-block-uagb-container uagb-block-efe0984d alignfull uagb-is-root-container\"><div class=\"uagb-container-inner-blocks-wrap\">\n<div class=\"wp-block-uagb-image aligncenter uagb-block-5ad50074 wp-block-uagb-image--layout-default wp-block-uagb-image--effect-static wp-block-uagb-image--align-center colibri-bf\"><figure class=\"wp-block-uagb-image__figure\"><img decoding=\"async\" srcset=\"https:\/\/bloomandflyapp.com\/wp-content\/uploads\/2025\/11\/bloom_and_fly_horloge-rituel-express-1014x1024.png ,https:\/\/bloomandflyapp.com\/wp-content\/uploads\/2025\/11\/bloom_and_fly_horloge-rituel-express.png 780w, https:\/\/bloomandflyapp.com\/wp-content\/uploads\/2025\/11\/bloom_and_fly_horloge-rituel-express.png 360w\" sizes=\"auto, (max-width: 480px) 150px\" src=\"https:\/\/bloomandflyapp.com\/wp-content\/uploads\/2025\/11\/bloom_and_fly_horloge-rituel-express-1014x1024.png\" alt=\"horloge\" class=\"uag-image-1957\" width=\"180\" height=\"1024\" title=\"horloge\" loading=\"lazy\" role=\"img\"\/><\/figure><\/div>\n<\/div><\/div>\n<\/div>\n<\/div>\n<\/div><\/div>\n<\/div><\/div>\n<\/div><\/div>\n\n\n\n<div class=\"wp-block-uagb-container uagb-block-41c412d3 alignfull uagb-is-root-container\"><div class=\"uagb-container-inner-blocks-wrap\">\n<div class=\"wp-block-uagb-container uagb-block-c49e6e1e alignfull uagb-is-root-container\"><div class=\"uagb-container-inner-blocks-wrap\">\n<div class=\"wp-block-columns is-layout-flex wp-container-core-columns-is-layout-28f84493 wp-block-columns-is-layout-flex\">\n<div class=\"wp-block-column is-vertically-aligned-center is-layout-flow wp-block-column-is-layout-flow\" style=\"flex-basis:30%\">\n<div class=\"wp-block-uagb-container uagb-block-f4bf50d1\">\n<div class=\"wp-block-uagb-image aligncenter uagb-block-3ba1fa29 wp-block-uagb-image--layout-default wp-block-uagb-image--effect-static wp-block-uagb-image--align-center alignleft\"><figure class=\"wp-block-uagb-image__figure\"><img decoding=\"async\" srcset=\"https:\/\/bloomandflyapp.com\/wp-content\/uploads\/2025\/11\/bloom_and_fly_lotus-voyage-guide-278x300.png ,https:\/\/bloomandflyapp.com\/wp-content\/uploads\/2025\/11\/bloom_and_fly_lotus-voyage-guide.png 780w, https:\/\/bloomandflyapp.com\/wp-content\/uploads\/2025\/11\/bloom_and_fly_lotus-voyage-guide.png 360w\" sizes=\"auto, (max-width: 480px) 150px\" src=\"https:\/\/bloomandflyapp.com\/wp-content\/uploads\/2025\/11\/bloom_and_fly_lotus-voyage-guide-278x300.png\" alt=\"lotus chemin\" class=\"uag-image-1958\" width=\"204\" height=\"300\" title=\"lotus chemin\" loading=\"lazy\" role=\"img\"\/><\/figure><\/div>\n<\/div>\n<\/div>\n\n\n\n<div class=\"wp-block-column is-vertically-aligned-center is-layout-flow wp-block-column-is-layout-flow\" style=\"flex-basis:70%\">\n<div class=\"wp-block-uagb-container uagb-block-bbb255ac alignfull uagb-is-root-container\"><div class=\"uagb-container-inner-blocks-wrap\">\n<h3 class=\"wp-block-heading\">Guided journeys<\/h3>\n\n\n\n<p class=\"paragraph-compact\">Discover yourself through longer experiences you can follow at your own pace, allowing you to explore a wellness theme more deeply.<br>Each journey guides you along an inner path to recenter, recharge, and better understand yourself.<\/p>\n<\/div><\/div>\n<\/div>\n<\/div>\n<\/div><\/div>\n<\/div><\/div>\n\n\n\n<div class=\"wp-block-uagb-container uagb-block-00750eb2 alignfull uagb-is-root-container\"><div class=\"uagb-container-inner-blocks-wrap\">\n<h2 class=\"wp-block-heading\">An app that adapts to you<\/h2>\n\n\n\n<div class=\"wp-block-uagb-container uagb-block-f08abebc alignfull uagb-is-root-container\"><div class=\"uagb-container-inner-blocks-wrap\">\n<h3 class=\"wp-block-heading has-text-align-center\">Practice at your own pace<\/h3>\n\n\n\n<p>Bloom &amp; Fly adapts to you \u2014 to your mood and the time you have. You can create your own breathing or mantra practices, add favorites to find them easily, and receive gentle reminders to help you keep your momentum.<br>And soon, you\u2019ll be able to follow your progress and watch your path blossom over time.<\/p>\n<\/div><\/div>\n<\/div><\/div>\n<\/div><\/div>\n\n\n\n<div class=\"wp-block-uagb-container uagb-block-6kbketex alignfull uagb-is-root-container\"><div class=\"uagb-container-inner-blocks-wrap\">\n<h4 class=\"wp-block-heading has-text-align-center\"><mark style=\"background-color:rgba(0, 0, 0, 0)\" class=\"has-inline-color has-ast-global-color-3-color\">Ready to rediscover calm and joy in your daily life?<\/mark><\/h4>\n\n\n\n<h3 class=\"wp-block-heading has-text-align-center\"><mark style=\"background-color:rgba(0, 0, 0, 0)\" class=\"has-inline-color has-ast-global-color-3-color\">Be among the first to discover Bloom &amp; Fly and receive your exclusive bonus<\/mark><\/h3>\n\n\n\n<div class=\"wp-block-uagb-container uagb-block-2e5228a0 alignfull uagb-is-root-container\"><div class=\"uagb-container-inner-blocks-wrap\">\n<div style=\"text-align: center; width: 100%;\">\n    <span class='maxbutton-4-container mb-container'><a class=\"maxbutton-4 maxbutton maxbutton-liste-d-attente-page\" href=\"https:\/\/bloomandflyapp.com\/en\/\"><span class='mb-text'>Sign up for the launch<\/span><\/a><\/span>\n<\/div>\n<\/div><\/div>\n<\/div><\/div>","protected":false},"excerpt":{"rendered":"<p>D\u00e9couvrir \u00dfloom &amp; Fly Bloom &amp; Fly t\u2019invite \u00e0 respirer, ralentir et te reconnecter \u00e0 toi.\u00c0 travers des pratiques simples et guid\u00e9es, l\u2019application t\u2019accompagne vers un bien-\u00eatre plus profond, jour apr\u00e8s jour. Les pratiques au coeur de Bloom &amp; Fly Bloom &amp; Fly r\u00e9unit des pratiques compl\u00e9mentaires, chacune ayant son propre r\u00f4le dans ton bien-\u00eatre.D\u00e9couvre [&hellip;]<\/p>","protected":false},"author":1,"featured_media":0,"parent":0,"menu_order":0,"comment_status":"closed","ping_status":"closed","template":"","meta":{"_uag_custom_page_level_css":"","site-sidebar-layout":"no-sidebar","site-content-layout":"plain-container","ast-site-content-layout":"full-width-container","site-content-style":"default","site-sidebar-style":"unboxed","ast-global-header-display":"","ast-banner-title-visibility":"","ast-main-header-display":"","ast-hfb-above-header-display":"","ast-hfb-below-header-display":"","ast-hfb-mobile-header-display":"","site-post-title":"disabled","ast-breadcrumbs-content":"","ast-featured-img":"","footer-sml-layout":"","ast-disable-related-posts":"","theme-transparent-header-meta":"disabled","adv-header-id-meta":"","stick-header-meta":"","header-above-stick-meta":"","header-main-stick-meta":"","header-below-stick-meta":"","astra-migrate-meta-layouts":"set","ast-page-background-enabled":"default","ast-page-background-meta":{"desktop":{"background-color":"","background-image":"","background-repeat":"repeat","background-position":"center center","background-size":"auto","background-attachment":"scroll","background-type":"","background-media":"","overlay-type":"","overlay-color":"","overlay-opacity":"","overlay-gradient":""},"tablet":{"background-color":"","background-image":"","background-repeat":"repeat","background-position":"center center","background-size":"auto","background-attachment":"scroll","background-type":"","background-media":"","overlay-type":"","overlay-color":"","overlay-opacity":"","overlay-gradient":""},"mobile":{"background-color":"","background-image":"","background-repeat":"repeat","background-position":"center center","background-size":"auto","background-attachment":"scroll","background-type":"","background-media":"","overlay-type":"","overlay-color":"","overlay-opacity":"","overlay-gradient":""}},"ast-content-background-meta":{"desktop":{"background-color":"var(--ast-global-color-5)","background-image":"","background-repeat":"repeat","background-position":"center center","background-size":"auto","background-attachment":"scroll","background-type":"","background-media":"","overlay-type":"","overlay-color":"","overlay-opacity":"","overlay-gradient":""},"tablet":{"background-color":"var(--ast-global-color-5)","background-image":"","background-repeat":"repeat","background-position":"center center","background-size":"auto","background-attachment":"scroll","background-type":"","background-media":"","overlay-type":"","overlay-color":"","overlay-opacity":"","overlay-gradient":""},"mobile":{"background-color":"var(--ast-global-color-5)","background-image":"","background-repeat":"repeat","background-position":"center center","background-size":"auto","background-attachment":"scroll","background-type":"","background-media":"","overlay-type":"","overlay-color":"","overlay-opacity":"","overlay-gradient":""}},"footnotes":""},"class_list":["post-915","page","type-page","status-publish","hentry"],"uagb_featured_image_src":{"full":false,"thumbnail":false,"medium":false,"medium_large":false,"large":false,"1536x1536":false,"2048x2048":false,"trp-custom-language-flag":false},"uagb_author_info":{"display_name":"admin8534","author_link":"https:\/\/bloomandflyapp.com\/en\/author\/admin8534\/"},"uagb_comment_info":0,"uagb_excerpt":"D\u00e9couvrir \u00dfloom &amp; Fly Bloom &amp; Fly t\u2019invite \u00e0 respirer, ralentir et te reconnecter \u00e0 toi.\u00c0 travers des pratiques simples et guid\u00e9es, l\u2019application t\u2019accompagne vers un bien-\u00eatre plus profond, jour apr\u00e8s jour. Les pratiques au coeur de Bloom &amp; Fly Bloom &amp; Fly r\u00e9unit des pratiques compl\u00e9mentaires, chacune ayant son propre r\u00f4le dans ton bien-\u00eatre.D\u00e9couvre&hellip;","_links":{"self":[{"href":"https:\/\/bloomandflyapp.com\/en\/wp-json\/wp\/v2\/pages\/915","targetHints":{"allow":["GET"]}}],"collection":[{"href":"https:\/\/bloomandflyapp.com\/en\/wp-json\/wp\/v2\/pages"}],"about":[{"href":"https:\/\/bloomandflyapp.com\/en\/wp-json\/wp\/v2\/types\/page"}],"author":[{"embeddable":true,"href":"https:\/\/bloomandflyapp.com\/en\/wp-json\/wp\/v2\/users\/1"}],"replies":[{"embeddable":true,"href":"https:\/\/bloomandflyapp.com\/en\/wp-json\/wp\/v2\/comments?post=915"}],"version-history":[{"count":334,"href":"https:\/\/bloomandflyapp.com\/en\/wp-json\/wp\/v2\/pages\/915\/revisions"}],"predecessor-version":[{"id":3361,"href":"https:\/\/bloomandflyapp.com\/en\/wp-json\/wp\/v2\/pages\/915\/revisions\/3361"}],"wp:attachment":[{"href":"https:\/\/bloomandflyapp.com\/en\/wp-json\/wp\/v2\/media?parent=915"}],"curies":[{"name":"wp","href":"https:\/\/api.w.org\/{rel}","templated":true}]}}