{"id":2,"date":"2025-10-04T13:45:34","date_gmt":"2025-10-04T13:45:34","guid":{"rendered":"http:\/\/bloomandflyapp.com\/?page_id=2"},"modified":"2026-01-23T10:39:34","modified_gmt":"2026-01-23T10:39:34","slug":"legal-notices","status":"publish","type":"page","link":"https:\/\/bloomandflyapp.com\/en\/legal-notices\/","title":{"rendered":"Legal Notices"},"content":{"rendered":"<div class=\"wp-block-uagb-container uagb-block-24bfa642 alignfull uagb-is-root-container\"><div class=\"uagb-container-inner-blocks-wrap\">\n<h2 class=\"wp-block-heading\">Legal Notices<\/h2>\n<\/div><\/div>\n\n\n\n<div class=\"wp-block-uagb-container uagb-block-1f0538a6 alignfull uagb-is-root-container\"><div class=\"uagb-container-inner-blocks-wrap\">\n<p>In accordance with the provisions of French Law No. 2004-575 of 21 June 2004 on confidence in the digital economy, the identity of the various parties involved in the creation and monitoring of the website www.bloomandflyapp.com is hereby provided to its users.<br><br><strong>Site Publisher<\/strong><br>The website, accessible at the URL\u00a0<a href=\"https:\/\/bloomandflyapp.com\/en\/\">www.bloomandflyapp.com<\/a>\u00a0(the \u201cSite\u201d) is published by Bloomy Apps, a simplified joint-stock company (SAS) with a share capital of \u20ac500, whose registered office is located at 604 chemin du Puy, 06600 Antibes, registered with the Antibes Trade and Companies Register under number SIREN 999 896 061.<br>VAT identification number (EU): FR55 999896061<br>Publication Director: Jean-Emmanuel Baillat<br><br><strong>Hosting<\/strong><br>The Site is hosted by OVH SAS, located at 2 rue Kellermann, 59100 Roubaix, France.<br><br><strong>Contact<\/strong><br>By email: contact@bloomandflyapp.com<br>By mail: Bloomy Apps, 604 chemin du Puy, 06600 Antibes<br><br><strong>Personal Data<\/strong><br>The processing of your personal data is governed by our Privacy Policy, available on the Site, in accordance with the General Data Protection Regulation (GDPR \u2013 EU 2016\/679).<\/p>\n<\/div><\/div>","protected":false},"excerpt":{"rendered":"<p>Mentions l\u00e9gales Conform\u00e9ment aux dispositions de la loi n\u00b0 2004-575 du 21 juin 2004 pour la confiance en l&rsquo;\u00e9conomie num\u00e9rique, il est pr\u00e9cis\u00e9 aux utilisateurs du site www.bloomandflyapp.com l&rsquo;identit\u00e9 des diff\u00e9rents intervenants dans le cadre de sa r\u00e9alisation et de son suivi. Edition du siteLe pr\u00e9sent site, accessible \u00e0 l\u2019URL\u00a0www.bloomandflyapp.com\u00a0(le \u00ab Site \u00bb), est \u00e9dit\u00e9 [&hellip;]<\/p>","protected":false},"author":1,"featured_media":0,"parent":0,"menu_order":0,"comment_status":"closed","ping_status":"closed","template":"","meta":{"_uag_custom_page_level_css":"","site-sidebar-layout":"default","site-content-layout":"","ast-site-content-layout":"default","site-content-style":"default","site-sidebar-style":"default","ast-global-header-display":"","ast-banner-title-visibility":"","ast-main-header-display":"","ast-hfb-above-header-display":"","ast-hfb-below-header-display":"","ast-hfb-mobile-header-display":"","site-post-title":"disabled","ast-breadcrumbs-content":"","ast-featured-img":"","footer-sml-layout":"","ast-disable-related-posts":"","theme-transparent-header-meta":"disabled","adv-header-id-meta":"","stick-header-meta":"","header-above-stick-meta":"","header-main-stick-meta":"","header-below-stick-meta":"","astra-migrate-meta-layouts":"set","ast-page-background-enabled":"default","ast-page-background-meta":{"desktop":{"background-color":"","background-image":"","background-repeat":"repeat","background-position":"center center","background-size":"auto","background-attachment":"scroll","background-type":"","background-media":"","overlay-type":"","overlay-color":"","overlay-opacity":"","overlay-gradient":""},"tablet":{"background-color":"","background-image":"","background-repeat":"repeat","background-position":"center center","background-size":"auto","background-attachment":"scroll","background-type":"","background-media":"","overlay-type":"","overlay-color":"","overlay-opacity":"","overlay-gradient":""},"mobile":{"background-color":"","background-image":"","background-repeat":"repeat","background-position":"center center","background-size":"auto","background-attachment":"scroll","background-type":"","background-media":"","overlay-type":"","overlay-color":"","overlay-opacity":"","overlay-gradient":""}},"ast-content-background-meta":{"desktop":{"background-color":"var(--ast-global-color-5)","background-image":"","background-repeat":"repeat","background-position":"center center","background-size":"auto","background-attachment":"scroll","background-type":"","background-media":"","overlay-type":"","overlay-color":"","overlay-opacity":"","overlay-gradient":""},"tablet":{"background-color":"var(--ast-global-color-5)","background-image":"","background-repeat":"repeat","background-position":"center center","background-size":"auto","background-attachment":"scroll","background-type":"","background-media":"","overlay-type":"","overlay-color":"","overlay-opacity":"","overlay-gradient":""},"mobile":{"background-color":"var(--ast-global-color-5)","background-image":"","background-repeat":"repeat","background-position":"center center","background-size":"auto","background-attachment":"scroll","background-type":"","background-media":"","overlay-type":"","overlay-color":"","overlay-opacity":"","overlay-gradient":""}},"footnotes":""},"class_list":["post-2","page","type-page","status-publish","hentry"],"uagb_featured_image_src":{"full":false,"thumbnail":false,"medium":false,"medium_large":false,"large":false,"1536x1536":false,"2048x2048":false,"trp-custom-language-flag":false},"uagb_author_info":{"display_name":"admin8534","author_link":"https:\/\/bloomandflyapp.com\/en\/author\/admin8534\/"},"uagb_comment_info":0,"uagb_excerpt":"Mentions l\u00e9gales Conform\u00e9ment aux dispositions de la loi n\u00b0 2004-575 du 21 juin 2004 pour la confiance en l&rsquo;\u00e9conomie num\u00e9rique, il est pr\u00e9cis\u00e9 aux utilisateurs du site www.bloomandflyapp.com l&rsquo;identit\u00e9 des diff\u00e9rents intervenants dans le cadre de sa r\u00e9alisation et de son suivi. Edition du siteLe pr\u00e9sent site, accessible \u00e0 l\u2019URL\u00a0www.bloomandflyapp.com\u00a0(le \u00ab Site \u00bb), est \u00e9dit\u00e9&hellip;","_links":{"self":[{"href":"https:\/\/bloomandflyapp.com\/en\/wp-json\/wp\/v2\/pages\/2","targetHints":{"allow":["GET"]}}],"collection":[{"href":"https:\/\/bloomandflyapp.com\/en\/wp-json\/wp\/v2\/pages"}],"about":[{"href":"https:\/\/bloomandflyapp.com\/en\/wp-json\/wp\/v2\/types\/page"}],"author":[{"embeddable":true,"href":"https:\/\/bloomandflyapp.com\/en\/wp-json\/wp\/v2\/users\/1"}],"replies":[{"embeddable":true,"href":"https:\/\/bloomandflyapp.com\/en\/wp-json\/wp\/v2\/comments?post=2"}],"version-history":[{"count":16,"href":"https:\/\/bloomandflyapp.com\/en\/wp-json\/wp\/v2\/pages\/2\/revisions"}],"predecessor-version":[{"id":3394,"href":"https:\/\/bloomandflyapp.com\/en\/wp-json\/wp\/v2\/pages\/2\/revisions\/3394"}],"wp:attachment":[{"href":"https:\/\/bloomandflyapp.com\/en\/wp-json\/wp\/v2\/media?parent=2"}],"curies":[{"name":"wp","href":"https:\/\/api.w.org\/{rel}","templated":true}]}}